{"id":3581,"date":"2021-02-24T14:30:00","date_gmt":"2021-02-24T13:30:00","guid":{"rendered":"https:\/\/www.spanishapproach.com\/?page_id=3581"},"modified":"2022-01-28T09:24:11","modified_gmt":"2022-01-28T08:24:11","slug":"politica-de-privacidad-y-otros-avisos-legales","status":"publish","type":"page","link":"https:\/\/www.spanishapproach.com\/es\/politica-de-privacidad-y-otros-avisos-legales\/","title":{"rendered":"Pol\u00edtica de privacidad y otros avisos legales"},"content":{"rendered":"\t\t<div data-elementor-type=\"wp-page\" data-elementor-id=\"3581\" class=\"elementor elementor-3581 elementor-3580\" data-elementor-post-type=\"page\">\n\t\t\t\t\t\t<section class=\"elementor-section elementor-top-section elementor-element elementor-element-06be350 elementor-section-full_width elementor-section-height-default elementor-section-height-default\" data-id=\"06be350\" data-element_type=\"section\" id=\"benefits\" data-settings=\"{&quot;background_background&quot;:&quot;classic&quot;}\">\n\t\t\t\t\t\t<div class=\"elementor-container elementor-column-gap-no\">\n\t\t\t\t\t<div class=\"elementor-column elementor-col-100 elementor-top-column elementor-element elementor-element-d64d5bc\" data-id=\"d64d5bc\" data-element_type=\"column\" data-settings=\"{&quot;background_background&quot;:&quot;classic&quot;}\">\n\t\t\t<div class=\"elementor-widget-wrap elementor-element-populated\">\n\t\t\t\t\t\t<div class=\"elementor-element elementor-element-f52e632 elementor-widget elementor-widget-heading\" data-id=\"f52e632\" data-element_type=\"widget\" data-widget_type=\"heading.default\">\n\t\t\t\t<div class=\"elementor-widget-container\">\n\t\t\t\t\t<h2 class=\"elementor-heading-title elementor-size-default\">Pol\u00edtica de privacidad y otros avisos legales<\/h2>\t\t\t\t<\/div>\n\t\t\t\t<\/div>\n\t\t\t\t<div class=\"elementor-element elementor-element-61e44c3 elementor-widget-divider--view-line elementor-widget elementor-widget-divider\" data-id=\"61e44c3\" data-element_type=\"widget\" data-widget_type=\"divider.default\">\n\t\t\t\t<div class=\"elementor-widget-container\">\n\t\t\t\t\t\t\t<div class=\"elementor-divider\">\n\t\t\t<span class=\"elementor-divider-separator\">\n\t\t\t\t\t\t<\/span>\n\t\t<\/div>\n\t\t\t\t\t\t<\/div>\n\t\t\t\t<\/div>\n\t\t\t\t<div class=\"elementor-element elementor-element-2fae960 elementor-widget__width-inherit elementor-widget elementor-widget-text-editor\" data-id=\"2fae960\" data-element_type=\"widget\" data-widget_type=\"text-editor.default\">\n\t\t\t\t<div class=\"elementor-widget-container\">\n\t\t\t\t\t\t\t\t\t<p class=\"western\" lang=\"en-AU\"><span lang=\"en-US\"><b>Pol\u00edtica de Privacidad \u2013 \u00faltima actualizaci\u00f3n 21\/02\/2021<\/b><\/span><\/p>\n<p>Su privacidad es importante para nosotros. Puede usar este sitio libremente y de forma confidencial. Ning\u00fan nombre o detalles de contacto son necesarios para usarlo en ning\u00fan momento.<\/p>\n<p>A continuaci\u00f3n, explicamos el tipo de informaci\u00f3n y \/ o datos personales que podemos recopilar en determinadas circunstancias y sus derechos.<\/p>\n<p><strong>Datos sobre los patrones de uso del sitio web para ayudarnos a mejorar<\/strong><\/p>\n<p>Hacemos un seguimiento de c\u00f3mo los visitantes utilizan este sitio web para mejorarlo. Utilizamos una herramienta com\u00fan llamada Google Analytics, pero todos los datos enviados se hacen an\u00f3nimos y Google, quien los procesa, no est\u00e1 autorizado a usarlos ni a compartirlos.<\/p>\n<p>Analizamos aspectos como la clasificaci\u00f3n de qu\u00e9 p\u00e1ginas son m\u00e1s populares a lo largo del tiempo para todos nuestros usuarios, cu\u00e1nto tiempo la gente usa el sitio en general y de qu\u00e9 \u00e1reas geogr\u00e1ficas generales provienen. Realmente ayuda a mejorar el sitio web en el futuro.&nbsp;<\/p>\n<p>Los datos de uso enviados para el procesamiento pueden incluir informaci\u00f3n como la direcci\u00f3n de protocolo de Internet de un ordenador \/ tel\u00e9fono \/ tableta (por ejemplo, direcci\u00f3n IP), tipo de navegador, versi\u00f3n del navegador, las p\u00e1ginas de nuestro servicio que se visitan, la hora y la fecha de una visita, el tiempo dedicado a esas p\u00e1ginas, identificadores \u00fanicos de dispositivos y otros datos de diagn\u00f3stico. Estos datos se suman y \/ o se ven de forma an\u00f3nima para que nadie pueda ser identificado individualmente.<\/p>\n<p>Puede ver m\u00e1s sobre este an\u00e1lisis en nuestra&nbsp;<a href=\"https:\/\/www.spanishapproach.com\/es\/politica-de-cookies\/\">Pol\u00edtica de cookies aqu\u00ed<\/a>&nbsp;(incluyendo c\u00f3mo darse de baja). Al aceptar nuestra Pol\u00edtica de cookies, usted acepta que analicemos estos datos de forma an\u00f3nima.<\/p>\n<p><strong>Cuando nos contacte<\/strong><\/p>\n<p>Si nos env\u00eda un correo electr\u00f3nico, por lo tanto, almacenaremos su direcci\u00f3n de correo electr\u00f3nico. Conservamos los detalles de su correo electr\u00f3nico por hasta tres meses.<\/p>\n<p>Si nos env\u00eda un correo electr\u00f3nico, acepta que mantengamos su direcci\u00f3n de correo electr\u00f3nico en nuestros archivos, aunque puede solicitarnos que la eliminemos o la cambiemos en cualquier momento, lo cual debemos hacer (ver a continuaci\u00f3n).<\/p>\n<p><strong>Pol\u00edtica de cookies<\/strong><\/p>\n<p>Las cookies son peque\u00f1os archivos colocados en dispositivos que ayudan a los sitios web a funcionar mejor o proporcionan informaci\u00f3n anal\u00edtica \u00fatil. La mayor\u00eda de los sitios web usan cookies en estos d\u00edas. Nuestra pol\u00edtica de cookies&nbsp;<a href=\"https:\/\/www.spanishapproach.com\/es\/politica-de-cookies\/\">se explica aqu\u00ed<\/a>.<\/p>\n<p><strong>Retenci\u00f3n de datos<\/strong><\/p>\n<p>Spanish Approach retendr\u00e1 los datos personales solo durante el tiempo que sea necesario para los fines establecidos en esta Pol\u00edtica de privacidad.<\/p>\n<p><strong>Transferencia de datos<\/strong><\/p>\n<p>Spanish Approach tomar\u00e1 todas las medidas razonablemente necesarias para garantizar que sus datos se traten de forma segura y de acuerdo con esta Pol\u00edtica de privacidad y no se realizar\u00e1 ninguna transferencia de sus datos personales a una organizaci\u00f3n o pa\u00eds, a menos que consideremos que existen controles adecuados, incluida la seguridad de sus datos y otra informaci\u00f3n personal.<\/p>\n<p>Su informaci\u00f3n, incluidos los datos personales, puede transferirse a ordenadores ubicados fuera de su pa\u00eds u otra jurisdicci\u00f3n gubernamental, y mantenerse en ellas, donde las leyes de protecci\u00f3n de datos pueden diferir de las de su jurisdicci\u00f3n. Su env\u00edo de dicha informaci\u00f3n representa su aceptaci\u00f3n de esa transferencia.<\/p>\n<p><strong>Sus derechos de protecci\u00f3n de datos en virtud del Reglamento general de protecci\u00f3n de datos (GDPR)<\/strong><\/p>\n<p>Si es residente del Espacio Econ\u00f3mico Europeo (EEE), tiene ciertos derechos de protecci\u00f3n de datos. Support in Spain tiene como objetivo tomar medidas razonables para permitirle corregir, modificar, eliminar o limitar el uso de sus datos personales. Por favor cont\u00e1ctenos.<\/p>\n<p><strong>Enlaces a otros sitios<\/strong><\/p>\n<p>Nuestro sitio web contiene enlaces a otros sitios que no son operados por nosotros. Si hace clic en un enlace de un tercero, se lo dirigir\u00e1 al sitio de ese tercero. Le recomendamos que revise la Pol\u00edtica de privacidad de cada sitio que visite.<\/p>\n<p>No tenemos control ni asumimos ninguna responsabilidad por el contenido, las pol\u00edticas de privacidad, la pol\u00edtica de cookies o las pr\u00e1cticas de sitios o servicios de terceros.<\/p>\n<p>Tenemos una p\u00e1gina de Facebook. Si interact\u00faa con Facebook (inicie sesi\u00f3n, comente, haga clic en Me gusta, etc.), est\u00e1 aceptando los t\u00e9rminos y condiciones habituales de Facebook.<\/p>\n<p><strong>Solo para mayores de 18 a\u00f1os<\/strong><\/p>\n<p>Support in Spain no se dirige a personas menores de 18 a\u00f1os. Las personas menores de 18 a\u00f1os deben buscar la ayuda de un adulto.<\/p>\n<p><strong>Controlador de datos<\/strong><\/p>\n<p>Spanish Approach es un nombre comercial de Andalive-2006 SL, una sociedad limitada registrada en Espa\u00f1a, y cualquier correo electr\u00f3nico y su contenido est\u00e1n recibidos, procesados y almacenados solo por Andalive-2006 SL. Los detalles no se comparten con nadie m\u00e1s a menos que usted est\u00e9 de acuerdo primero.<\/p>\n<p><strong>Cambios a esta pol\u00edtica de privacidad<\/strong><\/p>\n<p>Podemos actualizar nuestra Pol\u00edtica de privacidad de vez en cuando y notificarle cualquier cambio mediante la publicaci\u00f3n de la nueva Pol\u00edtica de privacidad en esta p\u00e1gina. Los cambios son efectivos cuando se publican en esta p\u00e1gina.<\/p>\n<p>Cont\u00e1ctenos \/ Direcci\u00f3n del controlador de datos<\/p>\n<p>Si tiene alguna pregunta sobre esta Pol\u00edtica de privacidad o desea acceder a sus derechos de acceso a los datos personales que nos ha proporcionado, cont\u00e1ctenos:<\/p>\n<p>Por correo electr\u00f3nico: info@spanishapproach.com<\/p>\n<p>Spanish Approach (Andalive-2006 SL), Calle Dolores Ibarruri 39, M\u00e1laga, 29004, Espa\u00f1a<\/p>\t\t\t\t\t\t\t\t<\/div>\n\t\t\t\t<\/div>\n\t\t\t\t\t<\/div>\n\t\t<\/div>\n\t\t\t\t\t<\/div>\n\t\t<\/section>\n\t\t\t\t<section class=\"elementor-section elementor-top-section elementor-element elementor-element-08a16b5 elementor-section-height-min-height elementor-section-items-top elementor-section-boxed elementor-section-height-default\" data-id=\"08a16b5\" data-element_type=\"section\">\n\t\t\t\t\t\t<div class=\"elementor-container elementor-column-gap-default\">\n\t\t\t\t\t<div class=\"elementor-column elementor-col-100 elementor-top-column elementor-element elementor-element-44487bd\" data-id=\"44487bd\" data-element_type=\"column\">\n\t\t\t<div class=\"elementor-widget-wrap elementor-element-populated\">\n\t\t\t\t\t\t<div class=\"elementor-element elementor-element-203e68d elementor-widget elementor-widget-menu-anchor\" data-id=\"203e68d\" data-element_type=\"widget\" data-widget_type=\"menu-anchor.default\">\n\t\t\t\t<div class=\"elementor-widget-container\">\n\t\t\t\t\t\t\t<div class=\"elementor-menu-anchor\" id=\"contact\"><\/div>\n\t\t\t\t\t\t<\/div>\n\t\t\t\t<\/div>\n\t\t\t\t\t<\/div>\n\t\t<\/div>\n\t\t\t\t\t<\/div>\n\t\t<\/section>\n\t\t\t\t<nav class=\"elementor-section elementor-top-section elementor-element elementor-element-aa5fe57 elementor-section-full_width elementor-section-height-default elementor-section-height-default\" data-id=\"aa5fe57\" data-element_type=\"section\" data-settings=\"{&quot;background_background&quot;:&quot;video&quot;,&quot;background_video_link&quot;:&quot;https:\\\/\\\/www.spanishapproach.com\\\/wp-content\\\/uploads\\\/frontpage2.mp4&quot;,&quot;animation_mobile&quot;:&quot;none&quot;,&quot;background_play_on_mobile&quot;:&quot;yes&quot;}\">\n\t\t\t\t\t\t\t\t<div class=\"elementor-background-video-container\" aria-hidden=\"true\">\n\t\t\t\t\t\t\t\t\t\t\t\t\t<video class=\"elementor-background-video-hosted\" autoplay muted playsinline loop><\/video>\n\t\t\t\t\t\t\t\t\t\t\t<\/div>\n\t\t\t\t\t\t\t\t\t<div class=\"elementor-background-overlay\"><\/div>\n\t\t\t\t\t\t\t<div class=\"elementor-container elementor-column-gap-wider\">\n\t\t\t\t\t<div class=\"elementor-column elementor-col-100 elementor-top-column elementor-element elementor-element-99a2704\" data-id=\"99a2704\" data-element_type=\"column\">\n\t\t\t<div class=\"elementor-widget-wrap elementor-element-populated\">\n\t\t\t\t\t\t<section class=\"elementor-section elementor-inner-section elementor-element elementor-element-029cd92 elementor-section-content-middle elementor-section-boxed elementor-section-height-default elementor-section-height-default\" data-id=\"029cd92\" data-element_type=\"section\">\n\t\t\t\t\t\t<div class=\"elementor-container elementor-column-gap-default\">\n\t\t\t\t\t<div class=\"elementor-column elementor-col-33 elementor-inner-column elementor-element elementor-element-6810977\" data-id=\"6810977\" data-element_type=\"column\">\n\t\t\t<div class=\"elementor-widget-wrap elementor-element-populated\">\n\t\t\t\t\t\t<div class=\"elementor-element elementor-element-1017b3e elementor-view-default elementor-position-top elementor-mobile-position-top elementor-widget elementor-widget-icon-box\" data-id=\"1017b3e\" data-element_type=\"widget\" data-widget_type=\"icon-box.default\">\n\t\t\t\t<div class=\"elementor-widget-container\">\n\t\t\t\t\t\t\t<div class=\"elementor-icon-box-wrapper\">\n\n\t\t\t\t\t\t<div class=\"elementor-icon-box-icon\">\n\t\t\t\t<a href=\"mailto:info@spanishapproach.com\" class=\"elementor-icon\" tabindex=\"-1\">\n\t\t\t\t<i aria-hidden=\"true\" class=\"fas fa-envelope-open-text\"><\/i>\t\t\t\t<\/a>\n\t\t\t<\/div>\n\t\t\t\n\t\t\t\n\t\t<\/div>\n\t\t\t\t\t\t<\/div>\n\t\t\t\t<\/div>\n\t\t\t\t<div class=\"elementor-element elementor-element-a0db204 elementor-widget elementor-widget-heading\" data-id=\"a0db204\" data-element_type=\"widget\" data-widget_type=\"heading.default\">\n\t\t\t\t<div class=\"elementor-widget-container\">\n\t\t\t\t\t<h2 class=\"elementor-heading-title elementor-size-default\"><a href=\"mailto:info@spanishapproach.com\">info@spanishapproach.com<\/a><\/h2>\t\t\t\t<\/div>\n\t\t\t\t<\/div>\n\t\t\t\t\t<\/div>\n\t\t<\/div>\n\t\t\t\t<div class=\"elementor-column elementor-col-33 elementor-inner-column elementor-element elementor-element-4f50543\" data-id=\"4f50543\" data-element_type=\"column\">\n\t\t\t<div class=\"elementor-widget-wrap elementor-element-populated\">\n\t\t\t\t\t\t<div class=\"elementor-element elementor-element-b593e98 elementor-view-default elementor-position-top elementor-mobile-position-top elementor-widget elementor-widget-icon-box\" data-id=\"b593e98\" data-element_type=\"widget\" data-widget_type=\"icon-box.default\">\n\t\t\t\t<div class=\"elementor-widget-container\">\n\t\t\t\t\t\t\t<div class=\"elementor-icon-box-wrapper\">\n\n\t\t\t\t\t\t<div class=\"elementor-icon-box-icon\">\n\t\t\t\t<span  class=\"elementor-icon\">\n\t\t\t\t<i aria-hidden=\"true\" class=\"fas fa-phone\"><\/i>\t\t\t\t<\/span>\n\t\t\t<\/div>\n\t\t\t\n\t\t\t\n\t\t<\/div>\n\t\t\t\t\t\t<\/div>\n\t\t\t\t<\/div>\n\t\t\t\t<div class=\"elementor-element elementor-element-38f7546 elementor-widget elementor-widget-heading\" data-id=\"38f7546\" data-element_type=\"widget\" data-widget_type=\"heading.default\">\n\t\t\t\t<div class=\"elementor-widget-container\">\n\t\t\t\t\t<h2 class=\"elementor-heading-title elementor-size-default\">+34 952 067 742<\/h2>\t\t\t\t<\/div>\n\t\t\t\t<\/div>\n\t\t\t\t\t<\/div>\n\t\t<\/div>\n\t\t\t\t<div class=\"elementor-column elementor-col-33 elementor-inner-column elementor-element elementor-element-d6260d7\" data-id=\"d6260d7\" data-element_type=\"column\">\n\t\t\t<div class=\"elementor-widget-wrap elementor-element-populated\">\n\t\t\t\t\t\t<div class=\"elementor-element elementor-element-9e91ae3 elementor-view-default elementor-position-top elementor-mobile-position-top elementor-widget elementor-widget-icon-box\" data-id=\"9e91ae3\" data-element_type=\"widget\" data-widget_type=\"icon-box.default\">\n\t\t\t\t<div class=\"elementor-widget-container\">\n\t\t\t\t\t\t\t<div class=\"elementor-icon-box-wrapper\">\n\n\t\t\t\t\t\t<div class=\"elementor-icon-box-icon\">\n\t\t\t\t<span  class=\"elementor-icon\">\n\t\t\t\t<i aria-hidden=\"true\" class=\"fas fa-mobile-alt\"><\/i>\t\t\t\t<\/span>\n\t\t\t<\/div>\n\t\t\t\n\t\t\t\n\t\t<\/div>\n\t\t\t\t\t\t<\/div>\n\t\t\t\t<\/div>\n\t\t\t\t<div class=\"elementor-element elementor-element-a6f8d85 elementor-widget elementor-widget-heading\" data-id=\"a6f8d85\" data-element_type=\"widget\" data-widget_type=\"heading.default\">\n\t\t\t\t<div class=\"elementor-widget-container\">\n\t\t\t\t\t<h2 class=\"elementor-heading-title elementor-size-default\">+34 677 688 427<\/h2>\t\t\t\t<\/div>\n\t\t\t\t<\/div>\n\t\t\t\t\t<\/div>\n\t\t<\/div>\n\t\t\t\t\t<\/div>\n\t\t<\/section>\n\t\t\t\t\t<\/div>\n\t\t<\/div>\n\t\t\t\t\t<\/div>\n\t\t<\/nav>\n\t\t\t\t<\/div>\n\t\t","protected":false},"excerpt":{"rendered":"<p>Pol\u00edtica de privacidad y otros avisos legales Pol\u00edtica de Privacidad \u2013 \u00faltima actualizaci\u00f3n 21\/02\/2021 Su privacidad es importante para nosotros. Puede usar este sitio libremente y de forma confidencial. Ning\u00fan nombre o detalles de contacto son necesarios para usarlo en ning\u00fan momento. A continuaci\u00f3n, explicamos el tipo de informaci\u00f3n y \/ o datos personales que&hellip;<\/p>\n","protected":false},"author":3,"featured_media":0,"parent":0,"menu_order":0,"comment_status":"closed","ping_status":"closed","template":"elementor_header_footer","meta":{"footnotes":""},"class_list":["post-3581","page","type-page","status-publish","hentry"],"_links":{"self":[{"href":"https:\/\/www.spanishapproach.com\/es\/wp-json\/wp\/v2\/pages\/3581","targetHints":{"allow":["GET"]}}],"collection":[{"href":"https:\/\/www.spanishapproach.com\/es\/wp-json\/wp\/v2\/pages"}],"about":[{"href":"https:\/\/www.spanishapproach.com\/es\/wp-json\/wp\/v2\/types\/page"}],"author":[{"embeddable":true,"href":"https:\/\/www.spanishapproach.com\/es\/wp-json\/wp\/v2\/users\/3"}],"replies":[{"embeddable":true,"href":"https:\/\/www.spanishapproach.com\/es\/wp-json\/wp\/v2\/comments?post=3581"}],"version-history":[{"count":17,"href":"https:\/\/www.spanishapproach.com\/es\/wp-json\/wp\/v2\/pages\/3581\/revisions"}],"predecessor-version":[{"id":3855,"href":"https:\/\/www.spanishapproach.com\/es\/wp-json\/wp\/v2\/pages\/3581\/revisions\/3855"}],"wp:attachment":[{"href":"https:\/\/www.spanishapproach.com\/es\/wp-json\/wp\/v2\/media?parent=3581"}],"curies":[{"name":"wp","href":"https:\/\/api.w.org\/{rel}","templated":true}]}}